{"id":778,"date":"2025-07-22T12:06:54","date_gmt":"2025-07-22T09:06:54","guid":{"rendered":"https:\/\/aeromacaviation.com\/?page_id=778"},"modified":"2025-07-22T12:21:20","modified_gmt":"2025-07-22T09:21:20","slug":"akilli-muhimmat-funye","status":"publish","type":"page","link":"https:\/\/aeromacaviation.com\/index.php\/akilli-muhimmat-funye\/","title":{"rendered":"Ak\u0131ll\u0131 M\u00fchimmat\/F\u00fcnye"},"content":{"rendered":"\n<ul class=\"wp-block-list\">\n<li>Laser designat\u00f6r ve\/veya yapay zeka g\u00f6rsel i\u015fleme ile PGA kontrol m\u00f6d\u00fcl\u00fc tasar\u0131m\u0131 ve \u00fcretimi<\/li>\n\n\n\n<li>RF kontroll\u00fc g\u00fcvenli f\u00fcnye tasar\u0131m\u0131 ve \u00fcretimi<\/li>\n<\/ul>\n\n\n\n<p><\/p>\n","protected":false},"excerpt":{"rendered":"","protected":false},"author":1,"featured_media":0,"parent":0,"menu_order":0,"comment_status":"closed","ping_status":"closed","template":"","meta":{"footnotes":""},"class_list":["post-778","page","type-page","status-publish","hentry"],"_links":{"self":[{"href":"https:\/\/aeromacaviation.com\/index.php\/wp-json\/wp\/v2\/pages\/778","targetHints":{"allow":["GET"]}}],"collection":[{"href":"https:\/\/aeromacaviation.com\/index.php\/wp-json\/wp\/v2\/pages"}],"about":[{"href":"https:\/\/aeromacaviation.com\/index.php\/wp-json\/wp\/v2\/types\/page"}],"author":[{"embeddable":true,"href":"https:\/\/aeromacaviation.com\/index.php\/wp-json\/wp\/v2\/users\/1"}],"replies":[{"embeddable":true,"href":"https:\/\/aeromacaviation.com\/index.php\/wp-json\/wp\/v2\/comments?post=778"}],"version-history":[{"count":2,"href":"https:\/\/aeromacaviation.com\/index.php\/wp-json\/wp\/v2\/pages\/778\/revisions"}],"predecessor-version":[{"id":782,"href":"https:\/\/aeromacaviation.com\/index.php\/wp-json\/wp\/v2\/pages\/778\/revisions\/782"}],"wp:attachment":[{"href":"https:\/\/aeromacaviation.com\/index.php\/wp-json\/wp\/v2\/media?parent=778"}],"curies":[{"name":"wp","href":"https:\/\/api.w.org\/{rel}","templated":true}]}}