{"id":766,"date":"2025-07-22T11:24:55","date_gmt":"2025-07-22T08:24:55","guid":{"rendered":"https:\/\/aeromacaviation.com\/?page_id=766"},"modified":"2025-07-22T12:24:14","modified_gmt":"2025-07-22T09:24:14","slug":"rf-seekers","status":"publish","type":"page","link":"https:\/\/aeromacaviation.com\/index.php\/rf-seekers\/","title":{"rendered":"RF Seekers"},"content":{"rendered":"<div class=\"wp-block-image\">\n<figure class=\"aligncenter size-large is-resized\"><img loading=\"lazy\" decoding=\"async\" width=\"1024\" height=\"1024\" src=\"https:\/\/aeromacaviation.com\/wp-content\/uploads\/2025\/07\/Untitled-design-1024x1024.png\" alt=\"\" class=\"wp-image-774\" style=\"width:470px;height:auto\" srcset=\"https:\/\/aeromacaviation.com\/wp-content\/uploads\/2025\/07\/Untitled-design-1024x1024.png 1024w, https:\/\/aeromacaviation.com\/wp-content\/uploads\/2025\/07\/Untitled-design-300x300.png 300w, https:\/\/aeromacaviation.com\/wp-content\/uploads\/2025\/07\/Untitled-design-150x150.png 150w, https:\/\/aeromacaviation.com\/wp-content\/uploads\/2025\/07\/Untitled-design-768x768.png 768w, https:\/\/aeromacaviation.com\/wp-content\/uploads\/2025\/07\/Untitled-design-640x640.png 640w, https:\/\/aeromacaviation.com\/wp-content\/uploads\/2025\/07\/Untitled-design-660x660.png 660w, https:\/\/aeromacaviation.com\/wp-content\/uploads\/2025\/07\/Untitled-design-50x50.png 50w, https:\/\/aeromacaviation.com\/wp-content\/uploads\/2025\/07\/Untitled-design-606x606.png 606w, https:\/\/aeromacaviation.com\/wp-content\/uploads\/2025\/07\/Untitled-design.png 1080w\" sizes=\"auto, (max-width: 1024px) 100vw, 1024px\" \/><\/figure><\/div>\n\n\n<ul class=\"wp-block-list\">\n<li>Aktif\/pasif RF seeker tasar\u0131m\u0131 ve \u00fcretimi<\/li>\n<\/ul>\n\n\n\n<p><\/p>\n","protected":false},"excerpt":{"rendered":"","protected":false},"author":1,"featured_media":0,"parent":0,"menu_order":0,"comment_status":"closed","ping_status":"closed","template":"","meta":{"footnotes":""},"class_list":["post-766","page","type-page","status-publish","hentry"],"_links":{"self":[{"href":"https:\/\/aeromacaviation.com\/index.php\/wp-json\/wp\/v2\/pages\/766","targetHints":{"allow":["GET"]}}],"collection":[{"href":"https:\/\/aeromacaviation.com\/index.php\/wp-json\/wp\/v2\/pages"}],"about":[{"href":"https:\/\/aeromacaviation.com\/index.php\/wp-json\/wp\/v2\/types\/page"}],"author":[{"embeddable":true,"href":"https:\/\/aeromacaviation.com\/index.php\/wp-json\/wp\/v2\/users\/1"}],"replies":[{"embeddable":true,"href":"https:\/\/aeromacaviation.com\/index.php\/wp-json\/wp\/v2\/comments?post=766"}],"version-history":[{"count":4,"href":"https:\/\/aeromacaviation.com\/index.php\/wp-json\/wp\/v2\/pages\/766\/revisions"}],"predecessor-version":[{"id":787,"href":"https:\/\/aeromacaviation.com\/index.php\/wp-json\/wp\/v2\/pages\/766\/revisions\/787"}],"wp:attachment":[{"href":"https:\/\/aeromacaviation.com\/index.php\/wp-json\/wp\/v2\/media?parent=766"}],"curies":[{"name":"wp","href":"https:\/\/api.w.org\/{rel}","templated":true}]}}