{"id":553,"date":"2024-09-10T19:19:48","date_gmt":"2024-09-10T16:19:48","guid":{"rendered":"https:\/\/aeromacaviation.com\/index.php\/sinir-guvenligi\/radar-sistemleri\/sr-c101-cevre-gozetleme-radari\/"},"modified":"2024-09-10T19:22:26","modified_gmt":"2024-09-10T16:22:26","slug":"sr-c101-cevre-gozetleme-radari","status":"publish","type":"page","link":"https:\/\/aeromacaviation.com\/index.php\/sinir-guvenligi\/radar-sistemleri\/sr-c101-cevre-gozetleme-radari\/","title":{"rendered":"SR-C101 \u00c7evre G\u00f6zetleme Radar\u0131"},"content":{"rendered":"\n<figure class=\"wp-block-gallery has-nested-images columns-default is-cropped wp-block-gallery-1 is-layout-flex wp-block-gallery-is-layout-flex\">\n<figure class=\"wp-block-image size-large\"><img loading=\"lazy\" decoding=\"async\" width=\"1024\" height=\"362\" data-id=\"557\" src=\"https:\/\/aeromacaviation.com\/wp-content\/uploads\/2024\/09\/SR-C101-1024x362.png\" alt=\"\" class=\"wp-image-557\" srcset=\"https:\/\/aeromacaviation.com\/wp-content\/uploads\/2024\/09\/SR-C101-1024x362.png 1024w, https:\/\/aeromacaviation.com\/wp-content\/uploads\/2024\/09\/SR-C101-300x106.png 300w, https:\/\/aeromacaviation.com\/wp-content\/uploads\/2024\/09\/SR-C101-768x272.png 768w, https:\/\/aeromacaviation.com\/wp-content\/uploads\/2024\/09\/SR-C101-990x350.png 990w, https:\/\/aeromacaviation.com\/wp-content\/uploads\/2024\/09\/SR-C101.png 1201w\" sizes=\"auto, (max-width: 1024px) 100vw, 1024px\" \/><\/figure>\n<\/figure>\n\n\n\n<figure class=\"wp-block-table\"><table class=\"has-fixed-layout\"><tbody><tr><td>\u00c7al\u0131\u015fma Sistemi<\/td><td>Fazl\u0131 dizi sistemi (azimut faz taramas\u0131)<\/td><\/tr><tr><td>\u00c7al\u0131\u015fma D\u00fczeni<\/td><td>Pulse Doppler<\/td><\/tr><tr><td>\u00c7al\u0131\u015fma Frekans\u0131<\/td><td>C Bant (5 \u00e7al\u0131\u015fma frekans\u0131 noktas\u0131)<\/td><\/tr><tr><td>Maksimum Menzil<\/td><td>\u22651.5km (\u0130nsan) \u22652.5km (Ara\u00e7) \u22651km (Drone)<\/td><\/tr><tr><td>Minimum Alg\u0131lama Mesafesi<\/td><td>\u2264 100m<\/td><\/tr><tr><td>Alg\u0131lama Aral\u0131\u011f\u0131<\/td><td>Azimut Kapsam\u0131: 30\/45\/90 (Configurable) Y\u00fckseklik Kapsam\u0131: 18<\/td><\/tr><tr><td>Alg\u0131lama H\u0131z\u0131<\/td><td>0.5m\/S\uff5e30m\/S<\/td><\/tr><tr><td>\u00d6l\u00e7\u00fcm Do\u011frulu\u011fu<\/td><td>Mesafe Do\u011frulu\u011fu:: \u2264 10m Azimut Do\u011frulu\u011fu: \u2264 1.0 \u00b0 H\u0131z Do\u011frulu\u011fu: \u2264 0.2m\/S<\/td><\/tr><\/tbody><\/table><\/figure>\n","protected":false},"excerpt":{"rendered":"<p>\u00c7al\u0131\u015fma Sistemi Fazl\u0131 dizi sistemi (azimut faz taramas\u0131) \u00c7al\u0131\u015fma D\u00fczeni Pulse Doppler \u00c7al\u0131\u015fma Frekans\u0131 C Bant (5 \u00e7al\u0131\u015fma frekans\u0131 noktas\u0131) &hellip; <a href=\"https:\/\/aeromacaviation.com\/index.php\/sinir-guvenligi\/radar-sistemleri\/sr-c101-cevre-gozetleme-radari\/\" class=\"more-link\"><span class=\"more-button\">Continue Reading<span class=\"screen-reader-text\">SR-C101 \u00c7evre G\u00f6zetleme Radar\u0131<\/span><\/span><\/a><\/p>\n","protected":false},"author":1,"featured_media":0,"parent":531,"menu_order":1,"comment_status":"closed","ping_status":"closed","template":"","meta":{"footnotes":""},"class_list":["post-553","page","type-page","status-publish","hentry"],"_links":{"self":[{"href":"https:\/\/aeromacaviation.com\/index.php\/wp-json\/wp\/v2\/pages\/553","targetHints":{"allow":["GET"]}}],"collection":[{"href":"https:\/\/aeromacaviation.com\/index.php\/wp-json\/wp\/v2\/pages"}],"about":[{"href":"https:\/\/aeromacaviation.com\/index.php\/wp-json\/wp\/v2\/types\/page"}],"author":[{"embeddable":true,"href":"https:\/\/aeromacaviation.com\/index.php\/wp-json\/wp\/v2\/users\/1"}],"replies":[{"embeddable":true,"href":"https:\/\/aeromacaviation.com\/index.php\/wp-json\/wp\/v2\/comments?post=553"}],"version-history":[{"count":1,"href":"https:\/\/aeromacaviation.com\/index.php\/wp-json\/wp\/v2\/pages\/553\/revisions"}],"predecessor-version":[{"id":558,"href":"https:\/\/aeromacaviation.com\/index.php\/wp-json\/wp\/v2\/pages\/553\/revisions\/558"}],"up":[{"embeddable":true,"href":"https:\/\/aeromacaviation.com\/index.php\/wp-json\/wp\/v2\/pages\/531"}],"wp:attachment":[{"href":"https:\/\/aeromacaviation.com\/index.php\/wp-json\/wp\/v2\/media?parent=553"}],"curies":[{"name":"wp","href":"https:\/\/api.w.org\/{rel}","templated":true}]}}