{"id":516,"date":"2024-09-10T18:09:07","date_gmt":"2024-09-10T15:09:07","guid":{"rendered":"https:\/\/aeromacaviation.com\/index.php\/iha-tespit-sistemleri\/diger-sistem-bilesenleri\/adj-02-iha-jammer\/"},"modified":"2024-09-10T18:27:32","modified_gmt":"2024-09-10T15:27:32","slug":"adj-02-iha-jammer","status":"publish","type":"page","link":"https:\/\/aeromacaviation.com\/index.php\/iha-tespit-sistemleri\/diger-sistem-bilesenleri\/adj-02-iha-jammer\/","title":{"rendered":"ADJ-02 IHA Jammer"},"content":{"rendered":"\n<figure class=\"wp-block-gallery has-nested-images columns-default is-cropped wp-block-gallery-1 is-layout-flex wp-block-gallery-is-layout-flex\">\n<figure class=\"wp-block-image size-large\"><img loading=\"lazy\" decoding=\"async\" width=\"1024\" height=\"362\" data-id=\"527\" src=\"https:\/\/aeromacaviation.com\/wp-content\/uploads\/2024\/09\/ADJ-02-1024x362.png\" alt=\"\" class=\"wp-image-527\" srcset=\"https:\/\/aeromacaviation.com\/wp-content\/uploads\/2024\/09\/ADJ-02-1024x362.png 1024w, https:\/\/aeromacaviation.com\/wp-content\/uploads\/2024\/09\/ADJ-02-300x106.png 300w, https:\/\/aeromacaviation.com\/wp-content\/uploads\/2024\/09\/ADJ-02-768x272.png 768w, https:\/\/aeromacaviation.com\/wp-content\/uploads\/2024\/09\/ADJ-02-990x350.png 990w, https:\/\/aeromacaviation.com\/wp-content\/uploads\/2024\/09\/ADJ-02.png 1201w\" sizes=\"auto, (max-width: 1024px) 100vw, 1024px\" \/><\/figure>\n<\/figure>\n\n\n\n<p>Dinamik bir tehdit ortam\u0131nda aldat\u0131c\u0131 ve g\u00fcr\u00fclt\u00fc bozma tekniklerini m\u00fcmk\u00fcn k\u0131lan ADJ-02 JAMMER sinyal iletim y\u00f6n\u00fcn\u00fcn y\u00fcksek do\u011frulu\u011fu ile birden fazla tehdide kar\u015f\u0131 maksimum etkinlik sunarak, Azimutta 3600 kapsama alan\u0131yla tehditleri otonom olarak izleme ve kar\u0131\u015ft\u0131rma yapan genel koruma ama\u00e7l\u0131 sistem kar\u0131\u015ft\u0131r\u0131c\u0131d\u0131r. Tamamen programlanabilir.<\/p>\n\n\n\n<p><strong>433MHz<\/strong><br>(1) \u00c7al\u0131\u015fma frekans\u0131: 433.05MHz-434.79MHz(2) RF g\u00fcc\u00fc: \u2265 40W<\/p>\n\n\n\n<p><strong>900MHz GSM<\/strong><br>(1) \u00c7al\u0131\u015fma frekans\u0131: 850mhz \u2013970Mhz<br>(2) RF g\u00fcc\u00fc g\u00fcc\u00fc: \u2265 20W<\/p>\n\n\n\n<p><strong>1800MHz GSM<\/strong><br>(1) \u00c7al\u0131\u015fma frekans\u0131: 1790mhz \u20131900MHz<br>(2) RF g\u00fcc\u00fc: \u2265 20W<\/p>\n\n\n\n<p><strong>2400MHz<\/strong><br>(1) \u00c7al\u0131\u015fma frekans\u0131: 2400MHz \u20132483.5MHz<br>(2) RF g\u00fcc\u00fc g\u00fcc\u00fc: \u2265 20W<\/p>\n","protected":false},"excerpt":{"rendered":"<p>Dinamik bir tehdit ortam\u0131nda aldat\u0131c\u0131 ve g\u00fcr\u00fclt\u00fc bozma tekniklerini m\u00fcmk\u00fcn k\u0131lan ADJ-02 JAMMER sinyal iletim y\u00f6n\u00fcn\u00fcn y\u00fcksek do\u011frulu\u011fu ile birden &hellip; <a href=\"https:\/\/aeromacaviation.com\/index.php\/iha-tespit-sistemleri\/diger-sistem-bilesenleri\/adj-02-iha-jammer\/\" class=\"more-link\"><span class=\"more-button\">Continue Reading<span class=\"screen-reader-text\">ADJ-02 IHA Jammer<\/span><\/span><\/a><\/p>\n","protected":false},"author":1,"featured_media":0,"parent":511,"menu_order":3,"comment_status":"closed","ping_status":"closed","template":"","meta":{"footnotes":""},"class_list":["post-516","page","type-page","status-publish","hentry"],"_links":{"self":[{"href":"https:\/\/aeromacaviation.com\/index.php\/wp-json\/wp\/v2\/pages\/516","targetHints":{"allow":["GET"]}}],"collection":[{"href":"https:\/\/aeromacaviation.com\/index.php\/wp-json\/wp\/v2\/pages"}],"about":[{"href":"https:\/\/aeromacaviation.com\/index.php\/wp-json\/wp\/v2\/types\/page"}],"author":[{"embeddable":true,"href":"https:\/\/aeromacaviation.com\/index.php\/wp-json\/wp\/v2\/users\/1"}],"replies":[{"embeddable":true,"href":"https:\/\/aeromacaviation.com\/index.php\/wp-json\/wp\/v2\/comments?post=516"}],"version-history":[{"count":2,"href":"https:\/\/aeromacaviation.com\/index.php\/wp-json\/wp\/v2\/pages\/516\/revisions"}],"predecessor-version":[{"id":529,"href":"https:\/\/aeromacaviation.com\/index.php\/wp-json\/wp\/v2\/pages\/516\/revisions\/529"}],"up":[{"embeddable":true,"href":"https:\/\/aeromacaviation.com\/index.php\/wp-json\/wp\/v2\/pages\/511"}],"wp:attachment":[{"href":"https:\/\/aeromacaviation.com\/index.php\/wp-json\/wp\/v2\/media?parent=516"}],"curies":[{"name":"wp","href":"https:\/\/api.w.org\/{rel}","templated":true}]}}