{"id":316,"date":"2024-09-09T16:13:41","date_gmt":"2024-09-09T13:13:41","guid":{"rendered":"https:\/\/aeromacaviation.com\/index.php\/tyermal-sistemler\/multi-sensor-sistemler\/qeye-mms-2-termal-monokuler\/"},"modified":"2024-09-10T15:37:53","modified_gmt":"2024-09-10T12:37:53","slug":"qeye-mms-2-termal-monokuler","status":"publish","type":"page","link":"https:\/\/aeromacaviation.com\/index.php\/tyermal-sistemler\/multi-sensor-sistemler\/qeye-mms-2-termal-monokuler\/","title":{"rendered":"QEYE MMS-2 Termal Monok\u00fcler"},"content":{"rendered":"\n<figure class=\"wp-block-gallery has-nested-images columns-default is-cropped wp-block-gallery-1 is-layout-flex wp-block-gallery-is-layout-flex\">\n<figure class=\"wp-block-image size-large\"><img loading=\"lazy\" decoding=\"async\" width=\"1024\" height=\"362\" data-id=\"325\" src=\"https:\/\/aeromacaviation.com\/wp-content\/uploads\/2024\/09\/QEYE-MMS-2-1024x362.png\" alt=\"\" class=\"wp-image-325\" srcset=\"https:\/\/aeromacaviation.com\/wp-content\/uploads\/2024\/09\/QEYE-MMS-2-1024x362.png 1024w, https:\/\/aeromacaviation.com\/wp-content\/uploads\/2024\/09\/QEYE-MMS-2-300x106.png 300w, https:\/\/aeromacaviation.com\/wp-content\/uploads\/2024\/09\/QEYE-MMS-2-768x272.png 768w, https:\/\/aeromacaviation.com\/wp-content\/uploads\/2024\/09\/QEYE-MMS-2-990x350.png 990w, https:\/\/aeromacaviation.com\/wp-content\/uploads\/2024\/09\/QEYE-MMS-2.png 1201w\" sizes=\"auto, (max-width: 1024px) 100vw, 1024px\" \/><\/figure>\n<\/figure>\n\n\n\n<p>QEYE MMS-2 g\u00f6zetleme, hedef, y\u00f6n ve konum belirlemeye yarayan, operasyon ve karakol uygulamalar\u0131nda kullan\u0131labilecek \u00e7ok ama\u00e7l\u0131 bir Elektro-Optik sistemdir.<\/p>\n\n\n\n<ul class=\"wp-block-list\">\n<li>30x D\u00fc\u015f\u00fck \u0131\u015f\u0131k g\u00fcnd\u00fcz kamera<\/li>\n\n\n\n<li>2x Extender 6.2\u00b0x5 \u00b0 (Opsiyonel)<\/li>\n\n\n\n<li>3x Extender 4.1\u00b0x 3.3\u00b0(Opsiyonel)<\/li>\n\n\n\n<li>Lazer mesafe bulucu menzil: 30 km<\/li>\n\n\n\n<li>A\u011f\u0131rl\u0131k: 2.1 kg<\/li>\n<\/ul>\n","protected":false},"excerpt":{"rendered":"<p>QEYE MMS-2 g\u00f6zetleme, hedef, y\u00f6n ve konum belirlemeye yarayan, operasyon ve karakol uygulamalar\u0131nda kullan\u0131labilecek \u00e7ok ama\u00e7l\u0131 bir Elektro-Optik sistemdir.<\/p>\n","protected":false},"author":1,"featured_media":0,"parent":260,"menu_order":2,"comment_status":"closed","ping_status":"closed","template":"","meta":{"footnotes":""},"class_list":["post-316","page","type-page","status-publish","hentry"],"_links":{"self":[{"href":"https:\/\/aeromacaviation.com\/index.php\/wp-json\/wp\/v2\/pages\/316","targetHints":{"allow":["GET"]}}],"collection":[{"href":"https:\/\/aeromacaviation.com\/index.php\/wp-json\/wp\/v2\/pages"}],"about":[{"href":"https:\/\/aeromacaviation.com\/index.php\/wp-json\/wp\/v2\/types\/page"}],"author":[{"embeddable":true,"href":"https:\/\/aeromacaviation.com\/index.php\/wp-json\/wp\/v2\/users\/1"}],"replies":[{"embeddable":true,"href":"https:\/\/aeromacaviation.com\/index.php\/wp-json\/wp\/v2\/comments?post=316"}],"version-history":[{"count":1,"href":"https:\/\/aeromacaviation.com\/index.php\/wp-json\/wp\/v2\/pages\/316\/revisions"}],"predecessor-version":[{"id":326,"href":"https:\/\/aeromacaviation.com\/index.php\/wp-json\/wp\/v2\/pages\/316\/revisions\/326"}],"up":[{"embeddable":true,"href":"https:\/\/aeromacaviation.com\/index.php\/wp-json\/wp\/v2\/pages\/260"}],"wp:attachment":[{"href":"https:\/\/aeromacaviation.com\/index.php\/wp-json\/wp\/v2\/media?parent=316"}],"curies":[{"name":"wp","href":"https:\/\/api.w.org\/{rel}","templated":true}]}}