{"id":301,"date":"2024-09-09T15:28:13","date_gmt":"2024-09-09T12:28:13","guid":{"rendered":"https:\/\/aeromacaviation.com\/index.php\/tyermal-sistemler\/gunduz-gorus-sistemleri\/15-45x60-keskin-nisanci-durbunu\/"},"modified":"2024-09-10T15:34:22","modified_gmt":"2024-09-10T12:34:22","slug":"15-45x60-keskin-nisanci-durbunu","status":"publish","type":"page","link":"https:\/\/aeromacaviation.com\/index.php\/tyermal-sistemler\/gunduz-gorus-sistemleri\/15-45x60-keskin-nisanci-durbunu\/","title":{"rendered":"15-45&#215;60 Keskin Ni\u015fanc\u0131 D\u00fcrb\u00fcn\u00fc"},"content":{"rendered":"\n<figure class=\"wp-block-gallery has-nested-images columns-default is-cropped wp-block-gallery-1 is-layout-flex wp-block-gallery-is-layout-flex\">\n<figure class=\"wp-block-image size-large\"><img loading=\"lazy\" decoding=\"async\" width=\"1024\" height=\"362\" data-id=\"302\" src=\"https:\/\/aeromacaviation.com\/wp-content\/uploads\/2024\/09\/15-45x60-1-1024x362.png\" alt=\"\" class=\"wp-image-302\" srcset=\"https:\/\/aeromacaviation.com\/wp-content\/uploads\/2024\/09\/15-45x60-1-1024x362.png 1024w, https:\/\/aeromacaviation.com\/wp-content\/uploads\/2024\/09\/15-45x60-1-300x106.png 300w, https:\/\/aeromacaviation.com\/wp-content\/uploads\/2024\/09\/15-45x60-1-768x272.png 768w, https:\/\/aeromacaviation.com\/wp-content\/uploads\/2024\/09\/15-45x60-1-990x350.png 990w, https:\/\/aeromacaviation.com\/wp-content\/uploads\/2024\/09\/15-45x60-1.png 1201w\" sizes=\"auto, (max-width: 1024px) 100vw, 1024px\" \/><\/figure>\n<\/figure>\n\n\n\n<p>15X-45X b\u00fcy\u00fctmeye sahip olan cihaz taktik g\u00f6zetleme i\u00e7in tasarlanm\u0131\u015ft\u0131r.<br>Suya ve toza dayan\u0131kl\u0131 bir yap\u0131ya sahiptir.\u00a0<\/p>\n\n\n\n<ul class=\"wp-block-list\">\n<li>IP 67<\/li>\n\n\n\n<li>60mm lens<\/li>\n\n\n\n<li>FOV: @1000m: 55m (15x) \u2013 20m (45x)<\/li>\n\n\n\n<li>45X b\u00fcy\u00fctme<\/li>\n<\/ul>\n","protected":false},"excerpt":{"rendered":"<p>15X-45X b\u00fcy\u00fctmeye sahip olan cihaz taktik g\u00f6zetleme i\u00e7in tasarlanm\u0131\u015ft\u0131r.Suya ve toza dayan\u0131kl\u0131 bir yap\u0131ya sahiptir.\u00a0<\/p>\n","protected":false},"author":1,"featured_media":0,"parent":258,"menu_order":26,"comment_status":"closed","ping_status":"closed","template":"","meta":{"footnotes":""},"class_list":["post-301","page","type-page","status-publish","hentry"],"_links":{"self":[{"href":"https:\/\/aeromacaviation.com\/index.php\/wp-json\/wp\/v2\/pages\/301","targetHints":{"allow":["GET"]}}],"collection":[{"href":"https:\/\/aeromacaviation.com\/index.php\/wp-json\/wp\/v2\/pages"}],"about":[{"href":"https:\/\/aeromacaviation.com\/index.php\/wp-json\/wp\/v2\/types\/page"}],"author":[{"embeddable":true,"href":"https:\/\/aeromacaviation.com\/index.php\/wp-json\/wp\/v2\/users\/1"}],"replies":[{"embeddable":true,"href":"https:\/\/aeromacaviation.com\/index.php\/wp-json\/wp\/v2\/comments?post=301"}],"version-history":[{"count":2,"href":"https:\/\/aeromacaviation.com\/index.php\/wp-json\/wp\/v2\/pages\/301\/revisions"}],"predecessor-version":[{"id":304,"href":"https:\/\/aeromacaviation.com\/index.php\/wp-json\/wp\/v2\/pages\/301\/revisions\/304"}],"up":[{"embeddable":true,"href":"https:\/\/aeromacaviation.com\/index.php\/wp-json\/wp\/v2\/pages\/258"}],"wp:attachment":[{"href":"https:\/\/aeromacaviation.com\/index.php\/wp-json\/wp\/v2\/media?parent=301"}],"curies":[{"name":"wp","href":"https:\/\/api.w.org\/{rel}","templated":true}]}}