{"id":141,"date":"2024-09-08T22:32:21","date_gmt":"2024-09-08T19:32:21","guid":{"rendered":"https:\/\/aeromacaviation.com\/?page_id=141"},"modified":"2024-09-10T15:31:23","modified_gmt":"2024-09-10T12:31:23","slug":"engerek-s27","status":"publish","type":"page","link":"https:\/\/aeromacaviation.com\/index.php\/tyermal-sistemler\/termal-sistemler\/engerek-s27\/","title":{"rendered":"Engerek  S27"},"content":{"rendered":"\n<figure class=\"wp-block-gallery has-nested-images columns-default is-cropped wp-block-gallery-1 is-layout-flex wp-block-gallery-is-layout-flex\">\n<figure class=\"wp-block-image size-large\"><img loading=\"lazy\" decoding=\"async\" width=\"1024\" height=\"362\" data-id=\"183\" src=\"https:\/\/aeromacaviation.com\/wp-content\/uploads\/2024\/09\/s27-1024x362.png\" alt=\"\" class=\"wp-image-183\" srcset=\"https:\/\/aeromacaviation.com\/wp-content\/uploads\/2024\/09\/s27-1024x362.png 1024w, https:\/\/aeromacaviation.com\/wp-content\/uploads\/2024\/09\/s27-300x106.png 300w, https:\/\/aeromacaviation.com\/wp-content\/uploads\/2024\/09\/s27-768x272.png 768w, https:\/\/aeromacaviation.com\/wp-content\/uploads\/2024\/09\/s27-990x350.png 990w, https:\/\/aeromacaviation.com\/wp-content\/uploads\/2024\/09\/s27.png 1201w\" sizes=\"auto, (max-width: 1024px) 100vw, 1024px\" \/><\/figure>\n<\/figure>\n\n\n\n<p>ENGEREK-S27 Termal Silah Ni\u015fangah\u0131 m\u00fcstakil kullan\u0131m i\u00e7in tasarlanm\u0131\u015ft\u0131r. Ayr\u0131ca, g\u00f6zetleme amac\u0131yla elde ta\u015f\u0131nan bir cihaz olarak kullan\u0131labilir. Engerek S27 Termal Ni\u015fangah\u0131 ak\u0131ll\u0131 telefondan veya kablosuz g\u00f6z viz\u00f6r\u00fc ile de kullanabilir ve kontrol edilebilir<\/p>\n\n\n\n<ul class=\"wp-block-list\">\n<li>FOV: 16.3\u00b0x13\u00b0<\/li>\n\n\n\n<li>135 x 77 x 80 mm<\/li>\n\n\n\n<li>600g<\/li>\n\n\n\n<li>Uzaktan Kontrol<\/li>\n\n\n\n<li>-30\u00b0C + 50\u00b0C<\/li>\n\n\n\n<li>Video Kay\u0131t<\/li>\n<\/ul>\n","protected":false},"excerpt":{"rendered":"<p>ENGEREK-S27 Termal Silah Ni\u015fangah\u0131 m\u00fcstakil kullan\u0131m i\u00e7in tasarlanm\u0131\u015ft\u0131r. Ayr\u0131ca, g\u00f6zetleme amac\u0131yla elde ta\u015f\u0131nan bir cihaz olarak kullan\u0131labilir. Engerek S27 Termal &hellip; <a href=\"https:\/\/aeromacaviation.com\/index.php\/tyermal-sistemler\/termal-sistemler\/engerek-s27\/\" class=\"more-link\"><span class=\"more-button\">Continue Reading<span class=\"screen-reader-text\">Engerek  S27<\/span><\/span><\/a><\/p>\n","protected":false},"author":1,"featured_media":0,"parent":202,"menu_order":27,"comment_status":"closed","ping_status":"closed","template":"","meta":{"footnotes":""},"class_list":["post-141","page","type-page","status-publish","hentry"],"_links":{"self":[{"href":"https:\/\/aeromacaviation.com\/index.php\/wp-json\/wp\/v2\/pages\/141","targetHints":{"allow":["GET"]}}],"collection":[{"href":"https:\/\/aeromacaviation.com\/index.php\/wp-json\/wp\/v2\/pages"}],"about":[{"href":"https:\/\/aeromacaviation.com\/index.php\/wp-json\/wp\/v2\/types\/page"}],"author":[{"embeddable":true,"href":"https:\/\/aeromacaviation.com\/index.php\/wp-json\/wp\/v2\/users\/1"}],"replies":[{"embeddable":true,"href":"https:\/\/aeromacaviation.com\/index.php\/wp-json\/wp\/v2\/comments?post=141"}],"version-history":[{"count":2,"href":"https:\/\/aeromacaviation.com\/index.php\/wp-json\/wp\/v2\/pages\/141\/revisions"}],"predecessor-version":[{"id":185,"href":"https:\/\/aeromacaviation.com\/index.php\/wp-json\/wp\/v2\/pages\/141\/revisions\/185"}],"up":[{"embeddable":true,"href":"https:\/\/aeromacaviation.com\/index.php\/wp-json\/wp\/v2\/pages\/202"}],"wp:attachment":[{"href":"https:\/\/aeromacaviation.com\/index.php\/wp-json\/wp\/v2\/media?parent=141"}],"curies":[{"name":"wp","href":"https:\/\/api.w.org\/{rel}","templated":true}]}}